{"id":591,"date":"2021-12-17T12:43:45","date_gmt":"2021-12-17T15:43:45","guid":{"rendered":"https:\/\/reumatologiarosario.com.ar\/web\/?page_id=591"},"modified":"2024-05-13T12:42:20","modified_gmt":"2024-05-13T15:42:20","slug":"sindrome-doloroso-regional-complejo","status":"publish","type":"page","link":"https:\/\/reumatologiarosario.com.ar\/web\/sindrome-doloroso-regional-complejo\/","title":{"rendered":"S\u00edndrome doloroso regional complejo"},"content":{"rendered":"<p>[et_pb_section fb_built=\u00bb1&#8243; admin_label=\u00bbHero\u00bb _builder_version=\u00bb3.22&#8243; custom_padding=\u00bb0|0px|54px|0px|false|false\u00bb bottom_divider_height=\u00bb0px\u00bb border_width_bottom=\u00bb1px\u00bb border_color_bottom=\u00bb#efefef\u00bb global_colors_info=\u00bb{}\u00bb][et_pb_row column_structure=\u00bb1_2,1_2&#8243; _builder_version=\u00bb3.25&#8243; width=\u00bb100%\u00bb max_width=\u00bb100%\u00bb custom_margin=\u00bb|||\u00bb custom_margin_tablet=\u00bb||0px|\u00bb custom_margin_phone=\u00bb\u00bb custom_margin_last_edited=\u00bbon|desktop\u00bb custom_padding=\u00bb0|0px|27px|0px|false|false\u00bb use_custom_width=\u00bbon\u00bb width_unit=\u00bboff\u00bb custom_width_percent=\u00bb100%\u00bb global_colors_info=\u00bb{}\u00bb][et_pb_column type=\u00bb1_2&#8243; _builder_version=\u00bb3.25&#8243; custom_padding=\u00bb6%||6%|12%\u00bb custom_padding_tablet=\u00bb50px|50px|50px|50px\u00bb custom_padding_phone=\u00bb50px|50px|50px|50px\u00bb custom_padding_last_edited=\u00bbon|tablet\u00bb global_colors_info=\u00bb{}\u00bb padding_tablet=\u00bb50px|50px|50px|50px\u00bb padding_last_edited=\u00bbon|tablet\u00bb custom_padding__hover=\u00bb|||\u00bb padding_phone=\u00bb50px|50px|50px|50px\u00bb][et_pb_image src=\u00bbhttp:\/\/reumatologiarosario.com.ar\/web\/wp-content\/uploads\/2021\/10\/health-icon-10-3.png\u00bb title_text=\u00bbhealth-icon-10-3&#8243; align_tablet=\u00bbcenter\u00bb align_phone=\u00bbcenter\u00bb align_last_edited=\u00bbon|desktop\u00bb _builder_version=\u00bb4.14.1&#8243; global_colors_info=\u00bb{}\u00bb][\/et_pb_image][et_pb_text _builder_version=\u00bb4.14.1&#8243; text_font=\u00bbMontserrat|300|||||||\u00bb text_text_color=\u00bb#677a92&#8243; text_font_size=\u00bb16px\u00bb text_line_height=\u00bb1.8em\u00bb header_font=\u00bbMontserrat||||||||\u00bb header_font_size=\u00bb50px\u00bb header_line_height=\u00bb1.3em\u00bb header_2_font=\u00bb||||||||\u00bb max_width=\u00bb600px\u00bb custom_margin=\u00bb|||\u00bb custom_margin_tablet=\u00bb0px|50px||50px\u00bb custom_margin_phone=\u00bb|20px||\u00bb custom_margin_last_edited=\u00bboff|desktop\u00bb custom_padding=\u00bb|||\u00bb text_line_height_tablet=\u00bb1.8em\u00bb text_line_height_phone=\u00bb1.8em\u00bb text_line_height_last_edited=\u00bbon|phone\u00bb header_font_size_tablet=\u00bb\u00bb header_font_size_phone=\u00bb36px\u00bb header_font_size_last_edited=\u00bbon|phone\u00bb header_2_font_size_phone=\u00bb30px\u00bb header_2_font_size_last_edited=\u00bboff|desktop\u00bb locked=\u00bboff\u00bb global_colors_info=\u00bb{}\u00bb]<\/p>\n<h1>S\u00edndrome doloroso regional complejo<\/h1>\n<p>&nbsp;<\/p>\n<p>[\/et_pb_text][\/et_pb_column][et_pb_column type=\u00bb1_2&#8243; _builder_version=\u00bb3.25&#8243; custom_padding=\u00bb|||\u00bb global_colors_info=\u00bb{}\u00bb custom_padding__hover=\u00bb|||\u00bb][et_pb_image src=\u00bbhttp:\/\/reumatologiarosario.com.ar\/web\/wp-content\/uploads\/2023\/07\/AD_DisegnaConsultorio-9-scaled.jpg\u00bb title_text=\u00bbAD_DisegnaConsultorio-9&#8243; force_fullwidth=\u00bbon\u00bb align_tablet=\u00bbcenter\u00bb align_phone=\u00bbcenter\u00bb align_last_edited=\u00bbon|desktop\u00bb _builder_version=\u00bb4.14.7&#8243; custom_margin=\u00bb|||\u00bb custom_padding=\u00bb|||\u00bb animation_style=\u00bbslide\u00bb animation_direction=\u00bbright\u00bb animation_intensity_slide=\u00bb5%\u00bb hover_enabled=\u00bb0&#8243; border_radii=\u00bb||||30vw\u00bb border_color_all=\u00bb#0ee1f4&#8243; border_width_left=\u00bb2vw\u00bb border_color_left=\u00bb#37dfff\u00bb box_shadow_style=\u00bbpreset4&#8243; box_shadow_horizontal=\u00bb-30px\u00bb box_shadow_vertical=\u00bb0px\u00bb box_shadow_color=\u00bbrgba(14,225,244,0.33)\u00bb global_colors_info=\u00bb{}\u00bb sticky_enabled=\u00bb0&#8243;][\/et_pb_image][\/et_pb_column][\/et_pb_row][et_pb_row _builder_version=\u00bb4.14.1&#8243; _module_preset=\u00bbdefault\u00bb global_colors_info=\u00bb{}\u00bb][et_pb_column type=\u00bb4_4&#8243; _builder_version=\u00bb4.14.1&#8243; _module_preset=\u00bbdefault\u00bb global_colors_info=\u00bb{}\u00bb][et_pb_text _builder_version=\u00bb4.14.1&#8243; _module_preset=\u00bbdefault\u00bb global_colors_info=\u00bb{}\u00bb]<\/p>\n<p style=\"text-align: justify;\">De diversas formas se conoce tambi\u00e9n a esta entidad: algioneurodistrofia, distrofia simp\u00e1tica refleja, atrofia de Sudek.<\/p>\n<p style=\"text-align: justify;\">\n<p style=\"text-align: justify;\">Se lo denomina <strong>S\u00cdNDROME<\/strong> ya que agrupa un conjunto de s\u00edntomas y signos relacionados entre s\u00ed;\u00a0 <strong>DOLOROSO<\/strong> ya que el dolor es la condici\u00f3n predominante; <strong>REGIONAL<\/strong> porque los s\u00edntomas y signos afectan un \u00e1rea y <strong>\u00a0COMPLEJO<\/strong> \u00a0por la naturaleza din\u00e1mica y variada de su presentaci\u00f3n cl\u00ednica.<\/p>\n<p style=\"text-align: justify;\">\n<p style=\"text-align: justify;\">Es un s\u00edndrome regional doloroso que se acompa\u00f1a de alteraciones vasomotoras y tr\u00f3ficas desencadenadas generalmente por un traumatismo o en otros casos sin causa aparente, y que est\u00e1 localizado a un segmento del miembro. Puede presentarse a cualquier edad si bien es m\u00e1s frecuente entre los\u00a0 40\u00a0 y 60 a\u00f1os.<\/p>\n<p style=\"text-align: justify;\">En m\u00e1s de la mitad de los casos no puede establecer se una causa como origen de su aparici\u00f3n. En el 50% restante es secundario a: traumatismos, luxaciones, movimientos forzados asociados a mala posici\u00f3n, movilizaciones precoz, inmovilizaci\u00f3n, intervenciones quir\u00fargicas, trombosis vasculares perif\u00e9ricas, infarto de miocardio (originando el s\u00edndrome Hombro-Mano localiz\u00e1ndose en miembro superior izquierdo), hemiplejias localizadas, enfermedades reumatol\u00f3gicas, afecciones de SNC, infecciones localizadas, entre otras.<\/p>\n<p style=\"text-align: justify;\">\n<p style=\"text-align: justify;\">Si bien se divide en tres estadios: Estadio I &#8211; fase caliente, Estadio II &#8211; fase fr\u00eda o distr\u00f3fica y Estadio III &#8211; fase atr\u00f3fica, esta divisi\u00f3n es dif\u00edcil de realizar en la pr\u00e1ctica ya que los 3 estados se pueden superponer en el tiempo.<\/p>\n<p style=\"text-align: justify;\">\n<p style=\"text-align: justify;\">En el <em>primer estadio<\/em> predomina un dolor intenso, quemante en una determinada zona, que se acompa\u00f1a de aumento de la sensibilidad. Ese dolor aumenta con la movilizaci\u00f3n, con el calor, con la posici\u00f3n de pie y con la marcha. Este cuadro se acompa\u00f1a de edema (hinchaz\u00f3n), cambio de coloraci\u00f3n de la piel, aumento del calor local y sudoraci\u00f3n local. En caso de afectar manos y pies las u\u00f1as pueden ser finas, quebradizas o con aumento del espesor. El vello puede estar disminuido o aumentado en esa regi\u00f3n.\u00a0 El dolor limita la movilidad activa y pasiva. Como consecuencia de un aumento de la vascularizaci\u00f3n el hueso adyacente comienza a desmineralizarse. Esta etapa puede durar hasta 3 meses.<\/p>\n<p style=\"text-align: justify;\">En un <em>segundo estadio<\/em> el dolor continua y aumenta con la movilizaci\u00f3n, la piel presenta cambios de color, est\u00e1 fr\u00eda, e indurada. La desmineralizaci\u00f3n es muy marcada, y puede durar hasta 6 meses.\u00a0<\/p>\n<p style=\"text-align: justify;\">En la <em>tercera etapa<\/em> el dolor progresivamente desaparece o se aten\u00faa, persistiendo con los esfuerzos. La piel es fina, brillante y p\u00e1lida. En esta fase pueden aparecer las atrofias y contracturas y severa desmineralizaci\u00f3n.<\/p>\n<p style=\"text-align: justify;\">\n<p style=\"text-align: justify;\">\n<p style=\"text-align: justify;\"><strong>Referencias<\/strong><\/p>\n<ul>\n<li style=\"text-align: justify;\">Schwartzman RJ, Alexander GM, Grothusen J. Pathophysiology of complex regional pain syndrome. Expert Rev Neurother 2006; 6:669-81.<\/li>\n<li style=\"text-align: justify;\">Rho RH, Brewer RP, Lamer TJ, Wilson PR. Complex regional pain syndrome. Mayo Clin Proc 2002; 77:174-80.<\/li>\n<li style=\"text-align: justify;\">Maih\u00f3fner C, Seifert F, Markovic K. Complex regional pain syndromes: New parathophysiological concepts and therapies. Eur J Neurol 2010; 17:649-60.<\/li>\n<\/ul>\n<p>[\/et_pb_text][\/et_pb_column][\/et_pb_row][\/et_pb_section][et_pb_section fb_built=\u00bb1&#8243; admin_label=\u00bbBlog\u00bb _builder_version=\u00bb3.22&#8243; background_color=\u00bb#f1f5f7&#8243; custom_margin=\u00bb|||\u00bb custom_padding=\u00bb100px|0|100px|0px|true|false\u00bb border_radii=\u00bb||15vw||\u00bb global_colors_info=\u00bb{}\u00bb][et_pb_row _builder_version=\u00bb3.25&#8243; global_colors_info=\u00bb{}\u00bb][et_pb_column type=\u00bb4_4&#8243; _builder_version=\u00bb3.25&#8243; custom_padding=\u00bb|||\u00bb global_colors_info=\u00bb{}\u00bb custom_padding__hover=\u00bb|||\u00bb][et_pb_blog fullwidth=\u00bboff\u00bb posts_number=\u00bb6&#8243; include_categories=\u00bb19&#8243; show_author=\u00bboff\u00bb _builder_version=\u00bb4.14.1&#8243; header_level=\u00bbh4&#8243; header_font=\u00bbMontserrat||||||||\u00bb header_line_height=\u00bb1.5em\u00bb body_font=\u00bbMontserrat|300|||||||\u00bb body_font_size=\u00bb15px\u00bb body_line_height=\u00bb2em\u00bb meta_font=\u00bbMontserrat|300|||||||\u00bb pagination_font=\u00bbMontserrat||||||||\u00bb pagination_text_color=\u00bb#2f8cff\u00bb pagination_font_size=\u00bb16px\u00bb pagination_line_height=\u00bb2em\u00bb custom_padding=\u00bb||0px|||\u00bb border_radii=\u00bbon|25px|25px|25px|25px\u00bb border_width_all=\u00bb0px\u00bb box_shadow_style=\u00bbpreset3&#8243; box_shadow_vertical=\u00bb30px\u00bb box_shadow_blur=\u00bb50px\u00bb box_shadow_spread=\u00bb-30px\u00bb box_shadow_color=\u00bbrgba(0,0,0,0.1)\u00bb global_colors_info=\u00bb{}\u00bb][\/et_pb_blog][\/et_pb_column][\/et_pb_row][\/et_pb_section]<\/p>\n","protected":false},"excerpt":{"rendered":"<p>S\u00edndrome doloroso regional complejo &nbsp;De diversas formas se conoce tambi\u00e9n a esta entidad: algioneurodistrofia, distrofia simp\u00e1tica refleja, atrofia de Sudek. Se lo denomina S\u00cdNDROME ya que agrupa un conjunto de s\u00edntomas y signos relacionados entre s\u00ed;\u00a0 DOLOROSO ya que el dolor es la condici\u00f3n predominante; REGIONAL porque los s\u00edntomas y signos afectan un \u00e1rea y [&hellip;]<\/p>\n","protected":false},"author":2,"featured_media":0,"parent":0,"menu_order":0,"comment_status":"closed","ping_status":"closed","template":"","meta":{"_et_pb_use_builder":"on","_et_pb_old_content":"","_et_gb_content_width":"","footnotes":""},"class_list":["post-591","page","type-page","status-publish","hentry"],"_links":{"self":[{"href":"https:\/\/reumatologiarosario.com.ar\/web\/wp-json\/wp\/v2\/pages\/591","targetHints":{"allow":["GET"]}}],"collection":[{"href":"https:\/\/reumatologiarosario.com.ar\/web\/wp-json\/wp\/v2\/pages"}],"about":[{"href":"https:\/\/reumatologiarosario.com.ar\/web\/wp-json\/wp\/v2\/types\/page"}],"author":[{"embeddable":true,"href":"https:\/\/reumatologiarosario.com.ar\/web\/wp-json\/wp\/v2\/users\/2"}],"replies":[{"embeddable":true,"href":"https:\/\/reumatologiarosario.com.ar\/web\/wp-json\/wp\/v2\/comments?post=591"}],"version-history":[{"count":7,"href":"https:\/\/reumatologiarosario.com.ar\/web\/wp-json\/wp\/v2\/pages\/591\/revisions"}],"predecessor-version":[{"id":1628,"href":"https:\/\/reumatologiarosario.com.ar\/web\/wp-json\/wp\/v2\/pages\/591\/revisions\/1628"}],"wp:attachment":[{"href":"https:\/\/reumatologiarosario.com.ar\/web\/wp-json\/wp\/v2\/media?parent=591"}],"curies":[{"name":"wp","href":"https:\/\/api.w.org\/{rel}","templated":true}]}}