{"id":489,"date":"2021-12-17T11:33:30","date_gmt":"2021-12-17T14:33:30","guid":{"rendered":"https:\/\/reumatologiarosario.com.ar\/web\/?page_id=489"},"modified":"2022-02-23T14:34:49","modified_gmt":"2022-02-23T17:34:49","slug":"espondilitis-anquilosante","status":"publish","type":"page","link":"https:\/\/reumatologiarosario.com.ar\/web\/espondilitis-anquilosante\/","title":{"rendered":"Espondilitis Anquilosante"},"content":{"rendered":"<p>[et_pb_section fb_built=\u00bb1&#8243; admin_label=\u00bbHero\u00bb _builder_version=\u00bb3.22&#8243; custom_padding=\u00bb0|0px|7px|0px|false|false\u00bb bottom_divider_height=\u00bb0px\u00bb border_width_bottom=\u00bb1px\u00bb border_color_bottom=\u00bb#efefef\u00bb global_colors_info=\u00bb{}\u00bb][et_pb_row column_structure=\u00bb1_2,1_2&#8243; _builder_version=\u00bb3.25&#8243; width=\u00bb100%\u00bb max_width=\u00bb100%\u00bb custom_margin=\u00bb|||\u00bb custom_margin_tablet=\u00bb||0px|\u00bb custom_margin_phone=\u00bb\u00bb custom_margin_last_edited=\u00bbon|desktop\u00bb custom_padding=\u00bb0|0px|3px|0px|false|false\u00bb use_custom_width=\u00bbon\u00bb width_unit=\u00bboff\u00bb custom_width_percent=\u00bb100%\u00bb global_colors_info=\u00bb{}\u00bb][et_pb_column type=\u00bb1_2&#8243; _builder_version=\u00bb3.25&#8243; custom_padding=\u00bb6%||6%|12%\u00bb custom_padding_tablet=\u00bb50px|50px|50px|50px\u00bb custom_padding_phone=\u00bb50px|50px|50px|50px\u00bb custom_padding_last_edited=\u00bbon|tablet\u00bb global_colors_info=\u00bb{}\u00bb padding_tablet=\u00bb50px|50px|50px|50px\u00bb padding_last_edited=\u00bbon|tablet\u00bb custom_padding__hover=\u00bb|||\u00bb padding_phone=\u00bb50px|50px|50px|50px\u00bb][et_pb_image src=\u00bbhttp:\/\/reumatologiarosario.com.ar\/web\/wp-content\/uploads\/2021\/10\/health-icon-10-3.png\u00bb title_text=\u00bbhealth-icon-10-3&#8243; align_tablet=\u00bbcenter\u00bb align_phone=\u00bbcenter\u00bb align_last_edited=\u00bbon|desktop\u00bb _builder_version=\u00bb4.14.1&#8243; global_colors_info=\u00bb{}\u00bb][\/et_pb_image][et_pb_text _builder_version=\u00bb3.27.4&#8243; text_font=\u00bbMontserrat|300|||||||\u00bb text_text_color=\u00bb#677a92&#8243; text_font_size=\u00bb16px\u00bb text_line_height=\u00bb1.8em\u00bb header_font=\u00bbMontserrat||||||||\u00bb header_font_size=\u00bb50px\u00bb header_line_height=\u00bb1.3em\u00bb header_2_font=\u00bb||||||||\u00bb max_width=\u00bb600px\u00bb custom_margin=\u00bb|-64px||||\u00bb custom_margin_tablet=\u00bb0px|50px||50px\u00bb custom_margin_phone=\u00bb|20px||\u00bb custom_margin_last_edited=\u00bboff|desktop\u00bb custom_padding=\u00bb|||\u00bb text_line_height_tablet=\u00bb1.8em\u00bb text_line_height_phone=\u00bb1.8em\u00bb text_line_height_last_edited=\u00bbon|phone\u00bb header_font_size_tablet=\u00bb\u00bb header_font_size_phone=\u00bb36px\u00bb header_font_size_last_edited=\u00bbon|phone\u00bb header_2_font_size_phone=\u00bb30px\u00bb header_2_font_size_last_edited=\u00bboff|desktop\u00bb locked=\u00bboff\u00bb global_colors_info=\u00bb{}\u00bb]<\/p>\n<h1>Espondilitis Anquilosante<\/h1>\n<p>&nbsp;<\/p>\n<p>[\/et_pb_text][et_pb_text _builder_version=\u00bb4.14.7&#8243; text_font=\u00bbMontserrat|300|||||||\u00bb text_font_size=\u00bb16px\u00bb text_line_height=\u00bb2em\u00bb link_font=\u00bb||||||||\u00bb ul_font=\u00bb||||||||\u00bb ol_font=\u00bb||||||||\u00bb quote_font=\u00bb||||||||\u00bb header_font=\u00bb||||||||\u00bb header_2_font=\u00bbMontserrat|300|||||||\u00bb header_2_text_color=\u00bb#212d3b\u00bb header_2_font_size=\u00bb40px\u00bb header_2_line_height=\u00bb1.5em\u00bb max_width=\u00bb600px\u00bb custom_margin=\u00bb|||\u00bb custom_margin_tablet=\u00bb0px|50px||50px\u00bb custom_margin_last_edited=\u00bboff|desktop\u00bb custom_padding=\u00bb|||\u00bb hover_enabled=\u00bb0&#8243; locked=\u00bboff\u00bb global_colors_info=\u00bb{}\u00bb sticky_enabled=\u00bb0&#8243;]<\/p>\n<p style=\"text-align: justify;\"><span style=\"font-size: medium;\">La <strong>espondilitis anquilosante<\/strong> es una enfermedad inflamatoria que se caracteriza por manifestaciones principalmente a nivel de la columna.<\/span><\/p>\n<p style=\"text-align: justify;\"><span style=\"font-size: medium;\">Las manifestaciones osteomusculares son las m\u00e1s comunes en estos pacientes. Se caracteriza porque pueden presentar dolor lumbar in\ufb02amatorio.<\/span><\/p>\n<p>[\/et_pb_text][\/et_pb_column][et_pb_column type=\u00bb1_2&#8243; _builder_version=\u00bb3.25&#8243; custom_padding=\u00bb|||\u00bb global_colors_info=\u00bb{}\u00bb custom_padding__hover=\u00bb|||\u00bb][et_pb_image src=\u00bbhttp:\/\/reumatologiarosario.com.ar\/web\/wp-content\/uploads\/2021\/12\/close-up-of-physiotherapist-working-with-patient-in-clinic-scaled.jpg\u00bb title_text=\u00bbClose up of Physiotherapist working with patient in clinic\u00bb force_fullwidth=\u00bbon\u00bb align_tablet=\u00bbcenter\u00bb align_phone=\u00bbcenter\u00bb align_last_edited=\u00bbon|desktop\u00bb _builder_version=\u00bb4.14.1&#8243; custom_margin=\u00bb|||\u00bb custom_padding=\u00bb|||\u00bb animation_style=\u00bbslide\u00bb animation_direction=\u00bbright\u00bb animation_intensity_slide=\u00bb5%\u00bb border_radii=\u00bb||||30vw\u00bb border_color_all=\u00bb#0ee1f4&#8243; border_width_left=\u00bb2vw\u00bb border_color_left=\u00bb#37dfff\u00bb box_shadow_style=\u00bbpreset4&#8243; box_shadow_horizontal=\u00bb-30px\u00bb box_shadow_vertical=\u00bb0px\u00bb box_shadow_color=\u00bbrgba(14,225,244,0.33)\u00bb global_colors_info=\u00bb{}\u00bb][\/et_pb_image][\/et_pb_column][\/et_pb_row][et_pb_row column_structure=\u00bb1_4,3_4&#8243; _builder_version=\u00bb4.14.1&#8243; _module_preset=\u00bbdefault\u00bb custom_padding=\u00bb19px|||||\u00bb global_colors_info=\u00bb{}\u00bb][et_pb_column type=\u00bb1_4&#8243; _builder_version=\u00bb4.14.1&#8243; _module_preset=\u00bbdefault\u00bb global_colors_info=\u00bb{}\u00bb][et_pb_image src=\u00bbhttp:\/\/reumatologiarosario.com.ar\/web\/wp-content\/uploads\/2021\/12\/4-Espondilitis-anquilosante3-scaled.jpg\u00bb title_text=\u00bb3D male figure leaning over with spine highlighted\u00bb _builder_version=\u00bb4.14.1&#8243; _module_preset=\u00bbdefault\u00bb border_radii=\u00bbon|15px|15px|15px|15px\u00bb box_shadow_style=\u00bbpreset4&#8243; global_colors_info=\u00bb{}\u00bb][\/et_pb_image][\/et_pb_column][et_pb_column type=\u00bb3_4&#8243; _builder_version=\u00bb4.14.1&#8243; _module_preset=\u00bbdefault\u00bb global_colors_info=\u00bb{}\u00bb][et_pb_text _builder_version=\u00bb4.14.7&#8243; _module_preset=\u00bbdefault\u00bb global_colors_info=\u00bb{}\u00bb]<\/p>\n<p style=\"text-align: justify;\">Este dolor se caracteriza porque afecta a la persona desde joven, generalmente ya lo tiene dolor antes de los 40 a\u00f1os, predomina por la noche, mejora con el ejercicio o al levantarse de la cama y empeora con el reposo. Se acompa\u00f1a de una importante rigidez matutina. \u00a0Otras veces presentan dolor en las articulaciones sacroil\u00edacas, columna dorsal y cervical. Tambi\u00e9n pueden presentar dolor en otras articulaciones, habitualmente de grandes articulaciones, sobre todo de extremidades inferiores y de forma asim\u00e9trica, es decir que puede doler una rodilla y no la otra.<\/p>\n<p>[\/et_pb_text][\/et_pb_column][\/et_pb_row][et_pb_row _builder_version=\u00bb4.14.1&#8243; _module_preset=\u00bbdefault\u00bb custom_padding=\u00bb14px||8px|||\u00bb global_colors_info=\u00bb{}\u00bb][et_pb_column type=\u00bb4_4&#8243; _builder_version=\u00bb4.14.1&#8243; _module_preset=\u00bbdefault\u00bb global_colors_info=\u00bb{}\u00bb][et_pb_text _builder_version=\u00bb4.14.1&#8243; _module_preset=\u00bbdefault\u00bb custom_padding=\u00bb|||1px||\u00bb global_colors_info=\u00bb{}\u00bb]<\/p>\n<p style=\"text-align: justify;\"><span style=\"font-size: 14px;\">Algunos pacientes presentan dactilitis, la cual se ve un dedo hinchado como dedo en salchicha. Esto ocurre por tumefacci\u00f3n de la vaina \ufb02exora de los dedos de las manos o de los pies, que se puede acompa\u00f1ar o no de sinovitis de las correspondientes articulaciones del dedo, entesitis y tumefacci\u00f3n de tejidos blandos.<\/span><\/p>\n<p style=\"text-align: justify;\"><span style=\"font-size: 14px;\">Tambi\u00e9n puede ocurrir entesitis. La in\ufb02amaci\u00f3n en torno a la entesis o lugar de uni\u00f3n de ligamentos, tendones, c\u00e1psula o fascia al hueso es caracter\u00edstica de este grupo de enfermedades. La tendinitis aquilea y de la fascia plantar son las m\u00e1s comunes en estos pacientes. La fascitis plantar produce un dolor intenso en plantas de pies que no le permite estar parado m\u00e1s de 10 minutos por el dolor ocasionado.<\/span><\/p>\n<p style=\"text-align: justify;\"><span style=\"font-size: 14px;\">A nivel ocular pueden desarrollar conjuntivitis t\u00edpicamente transitoria, y en ocasiones asociada al HLA-B27, se presenta una uve\u00edtis anterior aguda unilateral y recidivante.<\/span><\/p>\n<p style=\"text-align: justify;\"><span style=\"font-size: 14px;\">M\u00e1s de la mitad de los pacientes puede presentar alteraciones intestinales inflamatorias. Algunos pacientes pueden presentar psoariasis, o familiares con antecedentes de psoriasis.<\/span><\/p>\n<p style=\"text-align: justify;\"><span style=\"font-size: 14px;\"><\/span><\/p>\n<p style=\"text-align: justify;\"><strong>Referencias<\/strong><\/p>\n<ul>\n<li style=\"text-align: justify;\">van der Heijde D, Ramiro S, Landew\u00e9 R, et al. 2016 update of the ASAS-EULAR management recommendations for axial spondyloarthritis. Ann Rheum Dis. 2017; 76:978-991.<\/li>\n<\/ul>\n<p>[\/et_pb_text][\/et_pb_column][\/et_pb_row][\/et_pb_section][et_pb_section fb_built=\u00bb1&#8243; admin_label=\u00bbBlog\u00bb _builder_version=\u00bb3.22&#8243; background_color=\u00bb#f1f5f7&#8243; custom_margin=\u00bb|||\u00bb custom_padding=\u00bb100px|0|100px|0px|true|false\u00bb border_radii=\u00bb||15vw||\u00bb global_colors_info=\u00bb{}\u00bb][et_pb_row _builder_version=\u00bb3.25&#8243; global_colors_info=\u00bb{}\u00bb][et_pb_column type=\u00bb4_4&#8243; _builder_version=\u00bb3.25&#8243; custom_padding=\u00bb|||\u00bb global_colors_info=\u00bb{}\u00bb custom_padding__hover=\u00bb|||\u00bb][et_pb_blog fullwidth=\u00bboff\u00bb posts_number=\u00bb6&#8243; include_categories=\u00bb6&#8243; show_author=\u00bboff\u00bb _builder_version=\u00bb4.14.1&#8243; header_level=\u00bbh4&#8243; header_font=\u00bbMontserrat||||||||\u00bb header_line_height=\u00bb1.5em\u00bb body_font=\u00bbMontserrat|300|||||||\u00bb body_font_size=\u00bb15px\u00bb body_line_height=\u00bb2em\u00bb meta_font=\u00bbMontserrat|300|||||||\u00bb pagination_font=\u00bbMontserrat||||||||\u00bb pagination_text_color=\u00bb#2f8cff\u00bb pagination_font_size=\u00bb16px\u00bb pagination_line_height=\u00bb2em\u00bb custom_padding=\u00bb||0px|||\u00bb border_radii=\u00bbon|25px|25px|25px|25px\u00bb border_width_all=\u00bb0px\u00bb box_shadow_style=\u00bbpreset3&#8243; box_shadow_vertical=\u00bb30px\u00bb box_shadow_blur=\u00bb50px\u00bb box_shadow_spread=\u00bb-30px\u00bb box_shadow_color=\u00bbrgba(0,0,0,0.1)\u00bb global_colors_info=\u00bb{}\u00bb][\/et_pb_blog][\/et_pb_column][\/et_pb_row][\/et_pb_section]<\/p>\n","protected":false},"excerpt":{"rendered":"<p>Espondilitis Anquilosante &nbsp;La espondilitis anquilosante es una enfermedad inflamatoria que se caracteriza por manifestaciones principalmente a nivel de la columna. Las manifestaciones osteomusculares son las m\u00e1s comunes en estos pacientes. Se caracteriza porque pueden presentar dolor lumbar in\ufb02amatorio.Este dolor se caracteriza porque afecta a la persona desde joven, generalmente ya lo tiene dolor antes de [&hellip;]<\/p>\n","protected":false},"author":2,"featured_media":0,"parent":0,"menu_order":0,"comment_status":"closed","ping_status":"closed","template":"","meta":{"_et_pb_use_builder":"on","_et_pb_old_content":"","_et_gb_content_width":"","footnotes":""},"class_list":["post-489","page","type-page","status-publish","hentry"],"_links":{"self":[{"href":"https:\/\/reumatologiarosario.com.ar\/web\/wp-json\/wp\/v2\/pages\/489","targetHints":{"allow":["GET"]}}],"collection":[{"href":"https:\/\/reumatologiarosario.com.ar\/web\/wp-json\/wp\/v2\/pages"}],"about":[{"href":"https:\/\/reumatologiarosario.com.ar\/web\/wp-json\/wp\/v2\/types\/page"}],"author":[{"embeddable":true,"href":"https:\/\/reumatologiarosario.com.ar\/web\/wp-json\/wp\/v2\/users\/2"}],"replies":[{"embeddable":true,"href":"https:\/\/reumatologiarosario.com.ar\/web\/wp-json\/wp\/v2\/comments?post=489"}],"version-history":[{"count":12,"href":"https:\/\/reumatologiarosario.com.ar\/web\/wp-json\/wp\/v2\/pages\/489\/revisions"}],"predecessor-version":[{"id":1238,"href":"https:\/\/reumatologiarosario.com.ar\/web\/wp-json\/wp\/v2\/pages\/489\/revisions\/1238"}],"wp:attachment":[{"href":"https:\/\/reumatologiarosario.com.ar\/web\/wp-json\/wp\/v2\/media?parent=489"}],"curies":[{"name":"wp","href":"https:\/\/api.w.org\/{rel}","templated":true}]}}